{"id":859,"date":"2019-12-14T16:18:39","date_gmt":"2019-12-14T15:18:39","guid":{"rendered":"http:\/\/www.les-cerfs-volants.com\/?page_id=859"},"modified":"2023-11-09T15:52:09","modified_gmt":"2023-11-09T14:52:09","slug":"fournitures","status":"publish","type":"page","link":"https:\/\/www.les-cerfs-volants.com\/index.php\/fournitures\/","title":{"rendered":"Fournitures"},"content":{"rendered":"\t\t<div data-elementor-type=\"wp-page\" data-elementor-id=\"859\" class=\"elementor elementor-859\" data-elementor-settings=\"[]\">\n\t\t\t<div class=\"elementor-inner\">\n\t\t\t\t<div class=\"elementor-section-wrap\">\n\t\t\t\t\t\t\t<section class=\"elementor-element elementor-element-b1a494f elementor-section-boxed elementor-section-height-default elementor-section-height-default elementor-section elementor-top-section\" data-id=\"b1a494f\" data-element_type=\"section\">\n\t\t\t\t\t\t<div class=\"elementor-container elementor-column-gap-default\">\n\t\t\t\t<div class=\"elementor-row\">\n\t\t\t\t<div class=\"elementor-element elementor-element-fa77efd elementor-column elementor-col-100 elementor-top-column\" data-id=\"fa77efd\" data-element_type=\"column\">\n\t\t\t<div class=\"elementor-column-wrap  elementor-element-populated\">\n\t\t\t\t\t<div class=\"elementor-widget-wrap\">\n\t\t\t\t<div class=\"elementor-element elementor-element-2562cd2 elementor-widget elementor-widget-text-editor\" data-id=\"2562cd2\" data-element_type=\"widget\" data-widget_type=\"text-editor.default\">\n\t\t\t\t<div class=\"elementor-widget-container\">\n\t\t\t\t\t<div class=\"elementor-text-editor elementor-clearfix\"><h1 style=\"text-align: center;\"><span style=\"text-decoration: underline;\">FOURNITURES<\/span><\/h1><h4 style=\"text-align: center;\">&#8211; Tyvek rigide 1m de large: 3,20\u20ac\/m Tarif d\u00e9gressif suivant quantit\u00e9<\/h4><h4 style=\"text-align: center;\">&#8211; D\u00e9vidoirs taille moyenne 30m de fil: 0,40\u20ac\/u Tarif d\u00e9gressif suivant quantit\u00e9<\/h4><h4 style=\"text-align: center;\">&#8211; Baguettes Bambou: \u00e0 partir de 0,04\u20ac suivant la taille<\/h4><h4 style=\"text-align: center;\">&#8211; Kit Cerf-Volant: 4,50\u20ac\/u\u00a0<\/h4><\/div>\n\t\t\t\t<\/div>\n\t\t\t\t<\/div>\n\t\t\t\t<div class=\"elementor-element elementor-element-657b56f elementor-widget elementor-widget-image\" data-id=\"657b56f\" data-element_type=\"widget\" data-widget_type=\"image.default\">\n\t\t\t\t<div class=\"elementor-widget-container\">\n\t\t\t\t\t<div class=\"elementor-image\">\n\t\t\t\t\t\t\t<figure class=\"wp-caption\">\n\t\t\t\t\t\t\t\t\t\t\t<a data-elementor-open-lightbox=\"\" href=\"http:\/\/www.les-cerfs-volants.com\/wp-content\/uploads\/2019\/12\/Bon-de-commande-Les-cerfs-volants.pdf\">\n\t\t\t\t\t\t\t<img width=\"520\" height=\"754\" src=\"https:\/\/www.les-cerfs-volants.com\/wp-content\/uploads\/2019\/12\/gvQvSez.png\" class=\"attachment-large size-large\" alt=\"\" loading=\"lazy\" srcset=\"https:\/\/www.les-cerfs-volants.com\/wp-content\/uploads\/2019\/12\/gvQvSez.png 520w, https:\/\/www.les-cerfs-volants.com\/wp-content\/uploads\/2019\/12\/gvQvSez-207x300.png 207w\" sizes=\"(max-width: 520px) 100vw, 520px\" \/>\t\t\t\t\t\t\t\t<\/a>\n\t\t\t\t\t\t\t\t\t\t\t<figcaption class=\"widget-image-caption wp-caption-text\">Clicker sur l'image pour t\u00e9l\u00e9charger le pdf<\/figcaption>\n\t\t\t\t\t\t\t\t\t\t<\/figure>\n\t\t\t\t\t<\/div>\n\t\t\t\t<\/div>\n\t\t\t\t<\/div>\n\t\t\t\t\t\t<\/div>\n\t\t\t<\/div>\n\t\t<\/div>\n\t\t\t\t\t\t<\/div>\n\t\t\t<\/div>\n\t\t<\/section>\n\t\t\t\t<section class=\"elementor-element elementor-element-c5ce723 elementor-section-boxed elementor-section-height-default elementor-section-height-default elementor-section elementor-top-section\" data-id=\"c5ce723\" data-element_type=\"section\">\n\t\t\t\t\t\t<div class=\"elementor-container elementor-column-gap-default\">\n\t\t\t\t<div class=\"elementor-row\">\n\t\t\t\t<div class=\"elementor-element elementor-element-43df50e elementor-column elementor-col-100 elementor-top-column\" data-id=\"43df50e\" data-element_type=\"column\">\n\t\t\t<div class=\"elementor-column-wrap\">\n\t\t\t\t\t<div class=\"elementor-widget-wrap\">\n\t\t\t\t\t\t<\/div>\n\t\t\t<\/div>\n\t\t<\/div>\n\t\t\t\t\t\t<\/div>\n\t\t\t<\/div>\n\t\t<\/section>\n\t\t\t\t\t\t<\/div>\n\t\t\t<\/div>\n\t\t<\/div>\n\t\t","protected":false},"excerpt":{"rendered":"<p>FOURNITURES &#8211; Tyvek rigide 1m de large: 3,40\u20ac\/m TTC Tarif d\u00e9gressif suivant quantit\u00e9 &#8211; D\u00e9vidoirs taille moyenne 30m de fil: 0,38 \u20ac\/u TTC Tarif d\u00e9gressif&hellip;<\/p>\n","protected":false},"author":1,"featured_media":921,"parent":0,"menu_order":0,"comment_status":"closed","ping_status":"closed","template":"","meta":[],"_links":{"self":[{"href":"https:\/\/www.les-cerfs-volants.com\/index.php\/wp-json\/wp\/v2\/pages\/859"}],"collection":[{"href":"https:\/\/www.les-cerfs-volants.com\/index.php\/wp-json\/wp\/v2\/pages"}],"about":[{"href":"https:\/\/www.les-cerfs-volants.com\/index.php\/wp-json\/wp\/v2\/types\/page"}],"author":[{"embeddable":true,"href":"https:\/\/www.les-cerfs-volants.com\/index.php\/wp-json\/wp\/v2\/users\/1"}],"replies":[{"embeddable":true,"href":"https:\/\/www.les-cerfs-volants.com\/index.php\/wp-json\/wp\/v2\/comments?post=859"}],"version-history":[{"count":7,"href":"https:\/\/www.les-cerfs-volants.com\/index.php\/wp-json\/wp\/v2\/pages\/859\/revisions"}],"predecessor-version":[{"id":1027,"href":"https:\/\/www.les-cerfs-volants.com\/index.php\/wp-json\/wp\/v2\/pages\/859\/revisions\/1027"}],"wp:featuredmedia":[{"embeddable":true,"href":"https:\/\/www.les-cerfs-volants.com\/index.php\/wp-json\/wp\/v2\/media\/921"}],"wp:attachment":[{"href":"https:\/\/www.les-cerfs-volants.com\/index.php\/wp-json\/wp\/v2\/media?parent=859"}],"curies":[{"name":"wp","href":"https:\/\/api.w.org\/{rel}","templated":true}]}}