{"id":44,"date":"2018-03-30T03:37:14","date_gmt":"2018-03-30T03:37:14","guid":{"rendered":"https:\/\/customifysites.com\/consulting\/?page_id=44"},"modified":"2020-11-17T10:21:18","modified_gmt":"2020-11-17T09:21:18","slug":"home","status":"publish","type":"page","link":"https:\/\/www.les-cerfs-volants.com\/","title":{"rendered":"Home"},"content":{"rendered":"\t\t<div data-elementor-type=\"wp-post\" data-elementor-id=\"44\" class=\"elementor elementor-44\" data-elementor-settings=\"[]\">\n\t\t\t<div class=\"elementor-inner\">\n\t\t\t\t<div class=\"elementor-section-wrap\">\n\t\t\t\t\t\t\t<section class=\"elementor-element elementor-element-dd09fe3 elementor-section-boxed elementor-section-height-default elementor-section-height-default elementor-invisible elementor-section elementor-top-section\" data-id=\"dd09fe3\" data-element_type=\"section\" data-settings=\"{&quot;background_background&quot;:&quot;classic&quot;,&quot;animation&quot;:&quot;fadeInDown&quot;}\">\n\t\t\t\t\t\t\t<div class=\"elementor-background-overlay\"><\/div>\n\t\t\t\t\t\t\t<div class=\"elementor-container elementor-column-gap-default\">\n\t\t\t\t<div class=\"elementor-row\">\n\t\t\t\t<div class=\"elementor-element elementor-element-57049cc elementor-column elementor-col-100 elementor-top-column\" data-id=\"57049cc\" data-element_type=\"column\">\n\t\t\t<div class=\"elementor-column-wrap  elementor-element-populated\">\n\t\t\t\t\t<div class=\"elementor-widget-wrap\">\n\t\t\t\t<div class=\"elementor-element elementor-element-8071669 elementor-widget elementor-widget-heading\" data-id=\"8071669\" data-element_type=\"widget\" data-widget_type=\"heading.default\">\n\t\t\t\t<div class=\"elementor-widget-container\">\n\t\t\t<h2 class=\"elementor-heading-title elementor-size-default\">Les Cerfs-Volants<\/h2>\t\t<\/div>\n\t\t\t\t<\/div>\n\t\t\t\t<section class=\"elementor-element elementor-element-7cc1bb8 elementor-section-boxed elementor-section-height-default elementor-section-height-default elementor-section elementor-inner-section\" data-id=\"7cc1bb8\" data-element_type=\"section\">\n\t\t\t\t\t\t<div class=\"elementor-container elementor-column-gap-no\">\n\t\t\t\t<div class=\"elementor-row\">\n\t\t\t\t<div class=\"elementor-element elementor-element-e132f34 elementor-column elementor-col-50 elementor-inner-column\" data-id=\"e132f34\" data-element_type=\"column\">\n\t\t\t<div class=\"elementor-column-wrap  elementor-element-populated\">\n\t\t\t\t\t<div class=\"elementor-widget-wrap\">\n\t\t\t\t<div class=\"elementor-element elementor-element-0959f32 elementor-widget elementor-widget-text-editor\" data-id=\"0959f32\" data-element_type=\"widget\" data-widget_type=\"text-editor.default\">\n\t\t\t\t<div class=\"elementor-widget-container\">\n\t\t\t\t\t<div class=\"elementor-text-editor elementor-clearfix\"><p>Bleu Ciel &#8211; Charles Bily<\/p><\/div>\n\t\t\t\t<\/div>\n\t\t\t\t<\/div>\n\t\t\t\t\t\t<\/div>\n\t\t\t<\/div>\n\t\t<\/div>\n\t\t\t\t<div class=\"elementor-element elementor-element-7f7a212 elementor-column elementor-col-25 elementor-inner-column\" data-id=\"7f7a212\" data-element_type=\"column\">\n\t\t\t<div class=\"elementor-column-wrap\">\n\t\t\t\t\t<div class=\"elementor-widget-wrap\">\n\t\t\t\t\t\t<\/div>\n\t\t\t<\/div>\n\t\t<\/div>\n\t\t\t\t<div class=\"elementor-element elementor-element-e0418f2 elementor-column elementor-col-25 elementor-inner-column\" data-id=\"e0418f2\" data-element_type=\"column\">\n\t\t\t<div class=\"elementor-column-wrap\">\n\t\t\t\t\t<div class=\"elementor-widget-wrap\">\n\t\t\t\t\t\t<\/div>\n\t\t\t<\/div>\n\t\t<\/div>\n\t\t\t\t\t\t<\/div>\n\t\t\t<\/div>\n\t\t<\/section>\n\t\t\t\t<div class=\"elementor-element elementor-element-f2eb4ad elementor-widget elementor-widget-spacer\" data-id=\"f2eb4ad\" data-element_type=\"widget\" data-widget_type=\"spacer.default\">\n\t\t\t\t<div class=\"elementor-widget-container\">\n\t\t\t\t\t<div class=\"elementor-spacer\">\n\t\t\t<div class=\"elementor-spacer-inner\"><\/div>\n\t\t<\/div>\n\t\t\t\t<\/div>\n\t\t\t\t<\/div>\n\t\t\t\t<div class=\"elementor-element elementor-element-8bf38f3 elementor-widget elementor-widget-button\" data-id=\"8bf38f3\" data-element_type=\"widget\" data-widget_type=\"button.default\">\n\t\t\t\t<div class=\"elementor-widget-container\">\n\t\t\t\t\t<div class=\"elementor-button-wrapper\">\n\t\t\t<a href=\"http:\/\/www.les-cerfs-volants.com\/index.php\/contact\/\" class=\"elementor-button-link elementor-button elementor-size-md\" role=\"button\">\n\t\t\t\t\t\t<span class=\"elementor-button-content-wrapper\">\n\t\t\t\t\t\t<span class=\"elementor-button-icon elementor-align-icon-right\">\n\t\t\t\t<i aria-hidden=\"true\" class=\"far fa-arrow-alt-circle-right\"><\/i>\t\t\t<\/span>\n\t\t\t\t\t\t<span class=\"elementor-button-text\">Contact<\/span>\n\t\t<\/span>\n\t\t\t\t\t<\/a>\n\t\t<\/div>\n\t\t\t\t<\/div>\n\t\t\t\t<\/div>\n\t\t\t\t\t\t<\/div>\n\t\t\t<\/div>\n\t\t<\/div>\n\t\t\t\t\t\t<\/div>\n\t\t\t<\/div>\n\t\t<\/section>\n\t\t\t\t<section class=\"elementor-element elementor-element-1a9499e elementor-section-boxed elementor-section-height-default elementor-section-height-default elementor-section elementor-top-section\" data-id=\"1a9499e\" data-element_type=\"section\" data-settings=\"{&quot;background_background&quot;:&quot;classic&quot;}\">\n\t\t\t\t\t\t<div class=\"elementor-container elementor-column-gap-default\">\n\t\t\t\t<div class=\"elementor-row\">\n\t\t\t\t<div class=\"elementor-element elementor-element-f54cbbb elementor-column elementor-col-50 elementor-top-column\" data-id=\"f54cbbb\" data-element_type=\"column\">\n\t\t\t<div class=\"elementor-column-wrap  elementor-element-populated\">\n\t\t\t\t\t<div class=\"elementor-widget-wrap\">\n\t\t\t\t<div class=\"elementor-element elementor-element-30d7f93 elementor-widget elementor-widget-image\" data-id=\"30d7f93\" data-element_type=\"widget\" data-widget_type=\"image.default\">\n\t\t\t\t<div class=\"elementor-widget-container\">\n\t\t\t\t\t<div class=\"elementor-image\">\n\t\t\t\t\t\t\t\t\t\t\t<a data-elementor-open-lightbox=\"\" href=\"https:\/\/federation.ffvl.fr\">\n\t\t\t\t\t\t\t<img width=\"300\" height=\"121\" src=\"https:\/\/www.les-cerfs-volants.com\/wp-content\/uploads\/2019\/12\/Double-logo-300x121.png\" class=\"attachment-medium size-medium\" alt=\"\" loading=\"lazy\" srcset=\"https:\/\/www.les-cerfs-volants.com\/wp-content\/uploads\/2019\/12\/Double-logo-300x121.png 300w, https:\/\/www.les-cerfs-volants.com\/wp-content\/uploads\/2019\/12\/Double-logo-1024x414.png 1024w, https:\/\/www.les-cerfs-volants.com\/wp-content\/uploads\/2019\/12\/Double-logo-768x311.png 768w, https:\/\/www.les-cerfs-volants.com\/wp-content\/uploads\/2019\/12\/Double-logo.png 1305w\" sizes=\"(max-width: 300px) 100vw, 300px\" \/>\t\t\t\t\t\t\t\t<\/a>\n\t\t\t\t\t\t\t\t\t\t\t<\/div>\n\t\t\t\t<\/div>\n\t\t\t\t<\/div>\n\t\t\t\t<div class=\"elementor-element elementor-element-5540bde elementor-widget elementor-widget-heading\" data-id=\"5540bde\" data-element_type=\"widget\" data-widget_type=\"heading.default\">\n\t\t\t\t<div class=\"elementor-widget-container\">\n\t\t\t<h2 class=\"elementor-heading-title elementor-size-default\">Ecole Fran\u00e7aise de Cerfs-volants<\/h2>\t\t<\/div>\n\t\t\t\t<\/div>\n\t\t\t\t<div class=\"elementor-element elementor-element-5ab785e elementor-widget elementor-widget-heading\" data-id=\"5ab785e\" data-element_type=\"widget\" data-widget_type=\"heading.default\">\n\t\t\t\t<div class=\"elementor-widget-container\">\n\t\t\t<div class=\"elementor-heading-title elementor-size-default\"><b>Courriel: cbily@free.fr - \n Tel: 0675929630<\/b><\/div>\t\t<\/div>\n\t\t\t\t<\/div>\n\t\t\t\t\t\t<\/div>\n\t\t\t<\/div>\n\t\t<\/div>\n\t\t\t\t<div class=\"elementor-element elementor-element-542bffd elementor-column elementor-col-50 elementor-top-column\" data-id=\"542bffd\" data-element_type=\"column\" data-settings=\"{&quot;background_background&quot;:&quot;classic&quot;}\">\n\t\t\t<div class=\"elementor-column-wrap  elementor-element-populated\">\n\t\t\t\t\t<div class=\"elementor-widget-wrap\">\n\t\t\t\t<div class=\"elementor-element elementor-element-93bf3dc elementor-position-left elementor-vertical-align-top elementor-widget elementor-widget-image-box\" data-id=\"93bf3dc\" data-element_type=\"widget\" data-widget_type=\"image-box.default\">\n\t\t\t\t<div class=\"elementor-widget-container\">\n\t\t\t<div class=\"elementor-image-box-wrapper\"><figure class=\"elementor-image-box-img\"><a href=\"http:\/\/www.les-cerfs-volants.com\/index.php\/galerie-2\/\"><img src=\"https:\/\/www.les-cerfs-volants.com\/wp-content\/uploads\/2019\/12\/DSC_3120-scaled-e1576337897369.jpg\" title=\"DSC_3120\" alt=\"DSC_3120\" \/><\/a><\/figure><div class=\"elementor-image-box-content\"><h4 class=\"elementor-image-box-title\"><a href=\"http:\/\/www.les-cerfs-volants.com\/index.php\/galerie-2\/\">Galerie<\/a><\/h4><p class=\"elementor-image-box-description\">D\u00e9couvrer nos images r\u00e9alis\u00e9 dans nos ateliers p\u00e9dagogiques . . . <\/p><\/div><\/div>\t\t<\/div>\n\t\t\t\t<\/div>\n\t\t\t\t<div class=\"elementor-element elementor-element-05569d5 elementor-position-left elementor-vertical-align-top elementor-widget elementor-widget-image-box\" data-id=\"05569d5\" data-element_type=\"widget\" data-widget_type=\"image-box.default\">\n\t\t\t\t<div class=\"elementor-widget-container\">\n\t\t\t<div class=\"elementor-image-box-wrapper\"><figure class=\"elementor-image-box-img\"><a href=\"http:\/\/www.les-cerfs-volants.com\/index.php\/tyvek\/\"><img src=\"https:\/\/www.les-cerfs-volants.com\/wp-content\/uploads\/2019\/12\/DSC_1970.jpg\" title=\"DSC_1970\" alt=\"DSC_1970\" \/><\/a><\/figure><div class=\"elementor-image-box-content\"><h4 class=\"elementor-image-box-title\"><a href=\"http:\/\/www.les-cerfs-volants.com\/index.php\/tyvek\/\">Fournitures Cerf-Volant<\/a><\/h4><p class=\"elementor-image-box-description\">Tyvek, Bambou etc . . .<\/p><\/div><\/div>\t\t<\/div>\n\t\t\t\t<\/div>\n\t\t\t\t<div class=\"elementor-element elementor-element-29539e0 elementor-position-left elementor-vertical-align-top elementor-widget elementor-widget-image-box\" data-id=\"29539e0\" data-element_type=\"widget\" data-widget_type=\"image-box.default\">\n\t\t\t\t<div class=\"elementor-widget-container\">\n\t\t\t<div class=\"elementor-image-box-wrapper\"><figure class=\"elementor-image-box-img\"><a href=\"http:\/\/www.les-cerfs-volants.com\/index.php\/kits\/\"><img src=\"https:\/\/www.les-cerfs-volants.com\/wp-content\/uploads\/2019\/12\/fiche-losange-1-copie.png\" title=\"fiche losange 1 &#8211; copie\" alt=\"fiche losange 1 - copie\" \/><\/a><\/figure><div class=\"elementor-image-box-content\"><h4 class=\"elementor-image-box-title\"><a href=\"http:\/\/www.les-cerfs-volants.com\/index.php\/kits\/\">Kits Cerf-Volant<\/a><\/h4><p class=\"elementor-image-box-description\">Pour vos animations<\/p><\/div><\/div>\t\t<\/div>\n\t\t\t\t<\/div>\n\t\t\t\t<div class=\"elementor-element elementor-element-7411b4a elementor-position-left elementor-vertical-align-top elementor-widget elementor-widget-image-box\" data-id=\"7411b4a\" data-element_type=\"widget\" data-widget_type=\"image-box.default\">\n\t\t\t\t<div class=\"elementor-widget-container\">\n\t\t\t<div class=\"elementor-image-box-wrapper\"><figure class=\"elementor-image-box-img\"><a href=\"http:\/\/www.les-cerfs-volants.com\/index.php\/contact\/\"><img width=\"154\" height=\"225\" src=\"https:\/\/www.les-cerfs-volants.com\/wp-content\/uploads\/2019\/12\/cabine-1.png\" class=\"attachment-medium size-medium\" alt=\"\" loading=\"lazy\" \/><\/a><\/figure><div class=\"elementor-image-box-content\"><h4 class=\"elementor-image-box-title\"><a href=\"http:\/\/www.les-cerfs-volants.com\/index.php\/contact\/\">Contact<\/a><\/h4><\/div><\/div>\t\t<\/div>\n\t\t\t\t<\/div>\n\t\t\t\t\t\t<\/div>\n\t\t\t<\/div>\n\t\t<\/div>\n\t\t\t\t\t\t<\/div>\n\t\t\t<\/div>\n\t\t<\/section>\n\t\t\t\t<section class=\"elementor-element elementor-element-5803201 elementor-section-boxed elementor-section-height-default elementor-section-height-default elementor-section elementor-top-section\" data-id=\"5803201\" data-element_type=\"section\" data-settings=\"{&quot;background_background&quot;:&quot;classic&quot;}\">\n\t\t\t\t\t\t<div class=\"elementor-container elementor-column-gap-default\">\n\t\t\t\t<div class=\"elementor-row\">\n\t\t\t\t<div class=\"elementor-element elementor-element-e5b0ad2 elementor-column elementor-col-100 elementor-top-column\" data-id=\"e5b0ad2\" data-element_type=\"column\">\n\t\t\t<div class=\"elementor-column-wrap  elementor-element-populated\">\n\t\t\t\t\t<div class=\"elementor-widget-wrap\">\n\t\t\t\t<div class=\"elementor-element elementor-element-2e37132 elementor-arrows-position-inside elementor-pagination-position-outside elementor-widget elementor-widget-image-carousel\" data-id=\"2e37132\" data-element_type=\"widget\" data-settings=\"{&quot;autoplay_speed&quot;:2000,&quot;navigation&quot;:&quot;both&quot;,&quot;autoplay&quot;:&quot;yes&quot;,&quot;pause_on_hover&quot;:&quot;yes&quot;,&quot;pause_on_interaction&quot;:&quot;yes&quot;,&quot;infinite&quot;:&quot;yes&quot;,&quot;speed&quot;:500,&quot;direction&quot;:&quot;ltr&quot;}\" data-widget_type=\"image-carousel.default\">\n\t\t\t\t<div class=\"elementor-widget-container\">\n\t\t\t\t\t<div class=\"elementor-image-carousel-wrapper swiper-container\" dir=\"ltr\">\n\t\t\t<div class=\"elementor-image-carousel swiper-wrapper\">\n\t\t\t\t<div class=\"swiper-slide\"><a href=\"http:\/\/www.les-cerfs-volants.com\/index.php\/galerie\/\" data-elementor-open-lightbox=\"\" data-elementor-lightbox-slideshow=\"2e37132\" data-elementor-lightbox-index=\"0\"><figure class=\"swiper-slide-inner\"><img class=\"swiper-slide-image\" src=\"https:\/\/www.les-cerfs-volants.com\/wp-content\/uploads\/2019\/12\/20161002_103822-300x225.jpg\" alt=\"20161002_103822\" \/><\/figure><\/a><\/div><div class=\"swiper-slide\"><a href=\"http:\/\/www.les-cerfs-volants.com\/index.php\/galerie\/\" data-elementor-open-lightbox=\"\" data-elementor-lightbox-slideshow=\"2e37132\" data-elementor-lightbox-index=\"1\"><figure class=\"swiper-slide-inner\"><img class=\"swiper-slide-image\" src=\"https:\/\/www.les-cerfs-volants.com\/wp-content\/uploads\/2019\/12\/20161002_104751-300x225.jpg\" alt=\"20161002_104751\" \/><\/figure><\/a><\/div><div class=\"swiper-slide\"><a href=\"http:\/\/www.les-cerfs-volants.com\/index.php\/galerie\/\" data-elementor-open-lightbox=\"\" data-elementor-lightbox-slideshow=\"2e37132\" data-elementor-lightbox-index=\"2\"><figure class=\"swiper-slide-inner\"><img class=\"swiper-slide-image\" src=\"https:\/\/www.les-cerfs-volants.com\/wp-content\/uploads\/2019\/12\/20170217_162114-300x225.jpg\" alt=\"20170217_162114\" \/><\/figure><\/a><\/div><div class=\"swiper-slide\"><a href=\"http:\/\/www.les-cerfs-volants.com\/index.php\/galerie\/\" data-elementor-open-lightbox=\"\" data-elementor-lightbox-slideshow=\"2e37132\" data-elementor-lightbox-index=\"3\"><figure class=\"swiper-slide-inner\"><img class=\"swiper-slide-image\" src=\"https:\/\/www.les-cerfs-volants.com\/wp-content\/uploads\/2019\/12\/20170217_162121-300x225.jpg\" alt=\"20170217_162121\" \/><\/figure><\/a><\/div><div class=\"swiper-slide\"><a href=\"http:\/\/www.les-cerfs-volants.com\/index.php\/galerie\/\" data-elementor-open-lightbox=\"\" data-elementor-lightbox-slideshow=\"2e37132\" data-elementor-lightbox-index=\"4\"><figure class=\"swiper-slide-inner\"><img class=\"swiper-slide-image\" src=\"https:\/\/www.les-cerfs-volants.com\/wp-content\/uploads\/2019\/12\/dragon-N\u00b02-3-300x225.jpg\" alt=\"dragon N\u00b02\" \/><\/figure><\/a><\/div><div class=\"swiper-slide\"><a href=\"http:\/\/www.les-cerfs-volants.com\/index.php\/galerie\/\" data-elementor-open-lightbox=\"\" data-elementor-lightbox-slideshow=\"2e37132\" data-elementor-lightbox-index=\"5\"><figure class=\"swiper-slide-inner\"><img class=\"swiper-slide-image\" src=\"https:\/\/www.les-cerfs-volants.com\/wp-content\/uploads\/2019\/12\/DSCF5051-1-225x300.jpg\" alt=\"DSCF5051\" \/><\/figure><\/a><\/div><div class=\"swiper-slide\"><a href=\"http:\/\/www.les-cerfs-volants.com\/index.php\/galerie\/\" data-elementor-open-lightbox=\"\" data-elementor-lightbox-slideshow=\"2e37132\" data-elementor-lightbox-index=\"6\"><figure class=\"swiper-slide-inner\"><img class=\"swiper-slide-image\" src=\"https:\/\/www.les-cerfs-volants.com\/wp-content\/uploads\/2019\/12\/DSC_1900-1-300x226.jpg\" alt=\"DSC_1900\" \/><\/figure><\/a><\/div><div class=\"swiper-slide\"><a href=\"http:\/\/www.les-cerfs-volants.com\/index.php\/galerie\/\" data-elementor-open-lightbox=\"\" data-elementor-lightbox-slideshow=\"2e37132\" data-elementor-lightbox-index=\"7\"><figure class=\"swiper-slide-inner\"><img class=\"swiper-slide-image\" src=\"https:\/\/www.les-cerfs-volants.com\/wp-content\/uploads\/2019\/12\/DSC_1909-1-300x226.jpg\" alt=\"DSC_1909\" \/><\/figure><\/a><\/div><div class=\"swiper-slide\"><a href=\"http:\/\/www.les-cerfs-volants.com\/index.php\/galerie\/\" data-elementor-open-lightbox=\"\" data-elementor-lightbox-slideshow=\"2e37132\" data-elementor-lightbox-index=\"8\"><figure class=\"swiper-slide-inner\"><img class=\"swiper-slide-image\" src=\"https:\/\/www.les-cerfs-volants.com\/wp-content\/uploads\/2019\/12\/DSC_1896-1-300x226.jpg\" alt=\"DSC_1896\" \/><\/figure><\/a><\/div><div class=\"swiper-slide\"><a href=\"http:\/\/www.les-cerfs-volants.com\/index.php\/galerie\/\" data-elementor-open-lightbox=\"\" data-elementor-lightbox-slideshow=\"2e37132\" data-elementor-lightbox-index=\"9\"><figure class=\"swiper-slide-inner\"><img class=\"swiper-slide-image\" src=\"https:\/\/www.les-cerfs-volants.com\/wp-content\/uploads\/2019\/12\/20160422_142323-300x225.jpg\" alt=\"20160422_142323\" \/><\/figure><\/a><\/div><div class=\"swiper-slide\"><a href=\"http:\/\/www.les-cerfs-volants.com\/index.php\/galerie\/\" data-elementor-open-lightbox=\"\" data-elementor-lightbox-slideshow=\"2e37132\" data-elementor-lightbox-index=\"10\"><figure class=\"swiper-slide-inner\"><img class=\"swiper-slide-image\" src=\"https:\/\/www.les-cerfs-volants.com\/wp-content\/uploads\/2019\/12\/20160416_170753-225x300.jpg\" alt=\"20160416_170753\" \/><\/figure><\/a><\/div><div class=\"swiper-slide\"><a href=\"http:\/\/www.les-cerfs-volants.com\/index.php\/galerie\/\" data-elementor-open-lightbox=\"\" data-elementor-lightbox-slideshow=\"2e37132\" data-elementor-lightbox-index=\"11\"><figure class=\"swiper-slide-inner\"><img class=\"swiper-slide-image\" src=\"https:\/\/www.les-cerfs-volants.com\/wp-content\/uploads\/2019\/12\/20160416_155549-300x225.jpg\" alt=\"20160416_155549\" \/><\/figure><\/a><\/div><div class=\"swiper-slide\"><a href=\"http:\/\/www.les-cerfs-volants.com\/index.php\/galerie\/\" data-elementor-open-lightbox=\"\" data-elementor-lightbox-slideshow=\"2e37132\" data-elementor-lightbox-index=\"12\"><figure class=\"swiper-slide-inner\"><img class=\"swiper-slide-image\" src=\"https:\/\/www.les-cerfs-volants.com\/wp-content\/uploads\/2019\/12\/20160416_155628-300x225.jpg\" alt=\"20160416_155628\" \/><\/figure><\/a><\/div><div class=\"swiper-slide\"><a href=\"http:\/\/www.les-cerfs-volants.com\/index.php\/galerie\/\" data-elementor-open-lightbox=\"\" data-elementor-lightbox-slideshow=\"2e37132\" data-elementor-lightbox-index=\"13\"><figure class=\"swiper-slide-inner\"><img class=\"swiper-slide-image\" src=\"https:\/\/www.les-cerfs-volants.com\/wp-content\/uploads\/2019\/12\/IMG_0830-1-300x225.jpg\" alt=\"IMG_0830\" \/><\/figure><\/a><\/div><div class=\"swiper-slide\"><a href=\"http:\/\/www.les-cerfs-volants.com\/index.php\/galerie\/\" data-elementor-open-lightbox=\"\" data-elementor-lightbox-slideshow=\"2e37132\" data-elementor-lightbox-index=\"14\"><figure class=\"swiper-slide-inner\"><img class=\"swiper-slide-image\" src=\"https:\/\/www.les-cerfs-volants.com\/wp-content\/uploads\/2019\/12\/IMG_1067-300x225.jpg\" alt=\"IMG_1067\" \/><\/figure><\/a><\/div><div class=\"swiper-slide\"><a href=\"http:\/\/www.les-cerfs-volants.com\/index.php\/galerie\/\" data-elementor-open-lightbox=\"\" data-elementor-lightbox-slideshow=\"2e37132\" data-elementor-lightbox-index=\"15\"><figure class=\"swiper-slide-inner\"><img class=\"swiper-slide-image\" src=\"https:\/\/www.les-cerfs-volants.com\/wp-content\/uploads\/2019\/12\/IMG_0867-300x225.jpg\" alt=\"IMG_0867\" \/><\/figure><\/a><\/div><div class=\"swiper-slide\"><a href=\"http:\/\/www.les-cerfs-volants.com\/index.php\/galerie\/\" data-elementor-open-lightbox=\"\" data-elementor-lightbox-slideshow=\"2e37132\" data-elementor-lightbox-index=\"16\"><figure class=\"swiper-slide-inner\"><img class=\"swiper-slide-image\" src=\"https:\/\/www.les-cerfs-volants.com\/wp-content\/uploads\/2019\/12\/IMG_2137-300x225.jpg\" alt=\"IMG_2137\" \/><\/figure><\/a><\/div><div class=\"swiper-slide\"><a href=\"http:\/\/www.les-cerfs-volants.com\/index.php\/galerie\/\" data-elementor-open-lightbox=\"\" data-elementor-lightbox-slideshow=\"2e37132\" data-elementor-lightbox-index=\"17\"><figure class=\"swiper-slide-inner\"><img class=\"swiper-slide-image\" src=\"https:\/\/www.les-cerfs-volants.com\/wp-content\/uploads\/2019\/12\/IMG_693-1-300x244.jpg\" alt=\"IMG_693\" \/><\/figure><\/a><\/div><div class=\"swiper-slide\"><a href=\"http:\/\/www.les-cerfs-volants.com\/index.php\/galerie\/\" data-elementor-open-lightbox=\"\" data-elementor-lightbox-slideshow=\"2e37132\" data-elementor-lightbox-index=\"18\"><figure class=\"swiper-slide-inner\"><img class=\"swiper-slide-image\" src=\"https:\/\/www.les-cerfs-volants.com\/wp-content\/uploads\/2019\/12\/cellulaire-300x225.jpg\" alt=\"cellulaire\" \/><\/figure><\/a><\/div><div class=\"swiper-slide\"><a href=\"http:\/\/www.les-cerfs-volants.com\/index.php\/galerie\/\" data-elementor-open-lightbox=\"\" data-elementor-lightbox-slideshow=\"2e37132\" data-elementor-lightbox-index=\"19\"><figure class=\"swiper-slide-inner\"><img class=\"swiper-slide-image\" src=\"https:\/\/www.les-cerfs-volants.com\/wp-content\/uploads\/2019\/12\/DSCN3048-300x225.jpg\" alt=\"DSCN3048\" \/><\/figure><\/a><\/div><div class=\"swiper-slide\"><a href=\"http:\/\/www.les-cerfs-volants.com\/index.php\/galerie\/\" data-elementor-open-lightbox=\"\" data-elementor-lightbox-slideshow=\"2e37132\" data-elementor-lightbox-index=\"20\"><figure class=\"swiper-slide-inner\"><img class=\"swiper-slide-image\" src=\"https:\/\/www.les-cerfs-volants.com\/wp-content\/uploads\/2019\/12\/JAC_2411-300x200.jpeg\" alt=\"JAC_2411&#039;&#039;\" \/><\/figure><\/a><\/div><div class=\"swiper-slide\"><a href=\"http:\/\/www.les-cerfs-volants.com\/index.php\/galerie\/\" data-elementor-open-lightbox=\"\" data-elementor-lightbox-slideshow=\"2e37132\" data-elementor-lightbox-index=\"21\"><figure class=\"swiper-slide-inner\"><img class=\"swiper-slide-image\" src=\"https:\/\/www.les-cerfs-volants.com\/wp-content\/uploads\/2019\/12\/DSC_2089-300x226.jpg\" alt=\"DSC_2089\" \/><\/figure><\/a><\/div><div class=\"swiper-slide\"><a href=\"http:\/\/www.les-cerfs-volants.com\/index.php\/galerie\/\" data-elementor-open-lightbox=\"\" data-elementor-lightbox-slideshow=\"2e37132\" data-elementor-lightbox-index=\"22\"><figure class=\"swiper-slide-inner\"><img class=\"swiper-slide-image\" src=\"https:\/\/www.les-cerfs-volants.com\/wp-content\/uploads\/2019\/12\/IMG_0679-225x300.jpg\" alt=\"IMG_0679\" \/><\/figure><\/a><\/div><div class=\"swiper-slide\"><a href=\"http:\/\/www.les-cerfs-volants.com\/index.php\/galerie\/\" data-elementor-open-lightbox=\"\" data-elementor-lightbox-slideshow=\"2e37132\" data-elementor-lightbox-index=\"23\"><figure class=\"swiper-slide-inner\"><img class=\"swiper-slide-image\" src=\"https:\/\/www.les-cerfs-volants.com\/wp-content\/uploads\/2019\/12\/DSCN1968-1-300x225.jpg\" alt=\"DSCN1968\" \/><\/figure><\/a><\/div>\t\t\t<\/div>\n\t\t\t\t\t\t\t\t\t\t\t\t<div class=\"swiper-pagination\"><\/div>\n\t\t\t\t\t\t\t\t\t\t\t\t\t<div class=\"elementor-swiper-button elementor-swiper-button-prev\">\n\t\t\t\t\t\t<i class=\"eicon-chevron-left\" aria-hidden=\"true\"><\/i>\n\t\t\t\t\t\t<span class=\"elementor-screen-only\">Previous<\/span>\n\t\t\t\t\t<\/div>\n\t\t\t\t\t<div class=\"elementor-swiper-button elementor-swiper-button-next\">\n\t\t\t\t\t\t<i class=\"eicon-chevron-right\" aria-hidden=\"true\"><\/i>\n\t\t\t\t\t\t<span class=\"elementor-screen-only\">Next<\/span>\n\t\t\t\t\t<\/div>\n\t\t\t\t\t\t\t\t\t<\/div>\n\t\t\t\t<\/div>\n\t\t\t\t<\/div>\n\t\t\t\t\t\t<\/div>\n\t\t\t<\/div>\n\t\t<\/div>\n\t\t\t\t\t\t<\/div>\n\t\t\t<\/div>\n\t\t<\/section>\n\t\t\t\t<section class=\"elementor-element elementor-element-7afc6d4 elementor-section-boxed elementor-section-height-default elementor-section-height-default elementor-section elementor-top-section\" data-id=\"7afc6d4\" data-element_type=\"section\">\n\t\t\t\t\t\t<div class=\"elementor-container elementor-column-gap-default\">\n\t\t\t\t<div class=\"elementor-row\">\n\t\t\t\t<div class=\"elementor-element elementor-element-dc89dcf elementor-column elementor-col-100 elementor-top-column\" data-id=\"dc89dcf\" data-element_type=\"column\">\n\t\t\t<div class=\"elementor-column-wrap\">\n\t\t\t\t\t<div class=\"elementor-widget-wrap\">\n\t\t\t\t\t\t<\/div>\n\t\t\t<\/div>\n\t\t<\/div>\n\t\t\t\t\t\t<\/div>\n\t\t\t<\/div>\n\t\t<\/section>\n\t\t\t\t\t\t<\/div>\n\t\t\t<\/div>\n\t\t<\/div>\n\t\t","protected":false},"excerpt":{"rendered":"<p>Les Cerfs-Volants Bleu Ciel &#8211; Charles Bily Contact Ecole Fran\u00e7aise de Cerfs-volants Courriel: cbily@free.fr &#8211; Tel: 0675929630 Galerie D\u00e9couvrer nos images r\u00e9alis\u00e9 dans nos ateliers&hellip;<\/p>\n","protected":false},"author":2,"featured_media":0,"parent":0,"menu_order":0,"comment_status":"closed","ping_status":"closed","template":"","meta":[],"_links":{"self":[{"href":"https:\/\/www.les-cerfs-volants.com\/index.php\/wp-json\/wp\/v2\/pages\/44"}],"collection":[{"href":"https:\/\/www.les-cerfs-volants.com\/index.php\/wp-json\/wp\/v2\/pages"}],"about":[{"href":"https:\/\/www.les-cerfs-volants.com\/index.php\/wp-json\/wp\/v2\/types\/page"}],"author":[{"embeddable":true,"href":"https:\/\/www.les-cerfs-volants.com\/index.php\/wp-json\/wp\/v2\/users\/2"}],"replies":[{"embeddable":true,"href":"https:\/\/www.les-cerfs-volants.com\/index.php\/wp-json\/wp\/v2\/comments?post=44"}],"version-history":[{"count":57,"href":"https:\/\/www.les-cerfs-volants.com\/index.php\/wp-json\/wp\/v2\/pages\/44\/revisions"}],"predecessor-version":[{"id":1000,"href":"https:\/\/www.les-cerfs-volants.com\/index.php\/wp-json\/wp\/v2\/pages\/44\/revisions\/1000"}],"wp:attachment":[{"href":"https:\/\/www.les-cerfs-volants.com\/index.php\/wp-json\/wp\/v2\/media?parent=44"}],"curies":[{"name":"wp","href":"https:\/\/api.w.org\/{rel}","templated":true}]}}